{"id":375,"date":"2020-10-02T11:02:51","date_gmt":"2020-10-02T09:02:51","guid":{"rendered":"http:\/\/www.social-dynamite.com\/?page_id=375"},"modified":"2020-10-02T11:20:33","modified_gmt":"2020-10-02T09:20:33","slug":"inactive","status":"publish","type":"page","link":"https:\/\/www.social-dynamite.com\/en\/inactive\/","title":{"rendered":"Hum&#8230; votre page n&#8217;est pas ici"},"content":{"rendered":"\n<p>Bonjour !<\/p>\n\n\n\n<p>Si vous lisez ces quelques lignes c&#8217;est que la page que vous avez demand\u00e9e n&#8217;est pas ou plus disponible \u00e0 l&#8217;adresse que vous avez utilis\u00e9e. Cela peut \u00eatre li\u00e9 \u00e0 plusieurs cas de figure, soit le contenu n&#8217;existe plus, soit il \u00e9tait h\u00e9berg\u00e9 au sein de nos infrastructures et il ne l&#8217;est plus.<\/p>\n\n\n\n<h2 class=\"wp-block-heading\">Avez vous perdu votre temps ?<\/h2>\n\n\n\n<p>Peut-\u00eatre un peu, alors comme on aimerait bien que ce temps ne soit pas totalement inutile, on vous propose une petite le\u00e7on avec beaucoup d&#8217;humilit\u00e9 ????<\/p>\n\n\n\n<figure class=\"wp-block-embed-youtube wp-block-embed is-type-video is-provider-youtube wp-embed-aspect-16-9 wp-has-aspect-ratio\"><div class=\"wp-block-embed__wrapper\">\n<iframe loading=\"lazy\" title=\"L&#039;optimiste I Philippe Gabilliet\" width=\"800\" height=\"450\" src=\"https:\/\/www.youtube.com\/embed\/RLKw0RFHsRY?feature=oembed\" frameborder=\"0\" allow=\"accelerometer; autoplay; clipboard-write; encrypted-media; gyroscope; picture-in-picture\" allowfullscreen><\/iframe>\n<\/div><\/figure>\n\n\n\n<h2 class=\"wp-block-heading\">Qui sommes nous ?<\/h2>\n\n\n\n<p>Avec l&#8217;\u00e9quipe de Social Dynamite et de la LiveTeam nous sommes l\u00e0 pour vous aider \u00e0 :<\/p>\n\n\n\n<ul class=\"wp-block-list\"><li>D\u00e9finir vos strat\u00e9gies avec le bon dosage de digital<\/li><li>Concevoir des campagnes sur mesure pour g\u00e9n\u00e9rer des ventes ou attirer des talents<\/li><li>Fabriquer votre media propri\u00e9taire<\/li><li>Animer vos canaux digitaux avec des contenus int\u00e9ressants<\/li><li>Digitaliser vos \u00e9v\u00e9nements et exploiter le LIVE<\/li><\/ul>\n\n\n\n<p>En r\u00e9sum\u00e9 toutes les activit\u00e9s qui vous permettront de cr\u00e9er et maintenir des liens forts et humains avec vos audiences.<\/p>\n\n\n\n<p>A bient\u00f4t autour d&#8217;un caf\u00e9 (m\u00eame en visio, on peut \u00eatre autour d&#8217;un caf\u00e9)<\/p>\n","protected":false},"excerpt":{"rendered":"<p>Bonjour ! Si vous lisez ces quelques lignes c&#8217;est que la page que vous avez demand\u00e9e n&#8217;est pas ou plus disponible \u00e0 l&#8217;adresse que vous avez utilis\u00e9e. Cela peut \u00eatre &#8230;<\/p>\n","protected":false},"author":2,"featured_media":0,"parent":0,"menu_order":0,"comment_status":"closed","ping_status":"closed","template":"","meta":{"footnotes":""},"class_list":["post-375","page","type-page","status-publish","hentry"],"yoast_head":"<!-- This site is optimized with the Yoast SEO plugin v27.6 - https:\/\/yoast.com\/product\/yoast-seo-wordpress\/ -->\n<title>Hum... votre page n&#039;est pas ici - Social Dynamite accompagne les marques, leurs dirigeants et collaborateurs \u00e0 devenir des m\u00e9dias<\/title>\n<meta name=\"robots\" content=\"index, follow, max-snippet:-1, max-image-preview:large, max-video-preview:-1\" \/>\n<link rel=\"canonical\" href=\"https:\/\/www.social-dynamite.com\/en\/inactive\/\" \/>\n<meta property=\"og:locale\" content=\"en_US\" \/>\n<meta property=\"og:type\" content=\"article\" \/>\n<meta property=\"og:title\" content=\"Hum... votre page n&#039;est pas ici - Social Dynamite accompagne les marques, leurs dirigeants et collaborateurs \u00e0 devenir des m\u00e9dias\" \/>\n<meta property=\"og:description\" content=\"Bonjour ! Si vous lisez ces quelques lignes c&#8217;est que la page que vous avez demand\u00e9e n&#8217;est pas ou plus disponible \u00e0 l&#8217;adresse que vous avez utilis\u00e9e. Cela peut \u00eatre ...\" \/>\n<meta property=\"og:url\" content=\"https:\/\/www.social-dynamite.com\/en\/inactive\/\" \/>\n<meta property=\"og:site_name\" content=\"Social Dynamite accompagne les marques, leurs dirigeants et collaborateurs \u00e0 devenir des m\u00e9dias\" \/>\n<meta property=\"article:publisher\" content=\"https:\/\/www.facebook.com\/asocialdynamite\/\" \/>\n<meta property=\"article:modified_time\" content=\"2020-10-02T09:20:33+00:00\" \/>\n<meta name=\"twitter:card\" content=\"summary_large_image\" \/>\n<meta name=\"twitter:site\" content=\"@SocialDynamite\" \/>\n<meta name=\"twitter:label1\" content=\"Est. reading time\" \/>\n\t<meta name=\"twitter:data1\" content=\"1 minute\" \/>\n<script type=\"application\/ld+json\" class=\"yoast-schema-graph\">{\"@context\":\"https:\\\/\\\/schema.org\",\"@graph\":[{\"@type\":\"WebPage\",\"@id\":\"https:\\\/\\\/www.social-dynamite.com\\\/en\\\/inactive\\\/\",\"url\":\"https:\\\/\\\/www.social-dynamite.com\\\/en\\\/inactive\\\/\",\"name\":\"Hum... votre page n'est pas ici - Social Dynamite accompagne les marques, leurs dirigeants et collaborateurs \u00e0 devenir des m\u00e9dias\",\"isPartOf\":{\"@id\":\"https:\\\/\\\/www.social-dynamite.com\\\/en\\\/#website\"},\"datePublished\":\"2020-10-02T09:02:51+00:00\",\"dateModified\":\"2020-10-02T09:20:33+00:00\",\"breadcrumb\":{\"@id\":\"https:\\\/\\\/www.social-dynamite.com\\\/en\\\/inactive\\\/#breadcrumb\"},\"inLanguage\":\"en-US\",\"potentialAction\":[{\"@type\":\"ReadAction\",\"target\":[[\"https:\\\/\\\/www.social-dynamite.com\\\/en\\\/inactive\\\/\"]]}]},{\"@type\":\"BreadcrumbList\",\"@id\":\"https:\\\/\\\/www.social-dynamite.com\\\/en\\\/inactive\\\/#breadcrumb\",\"itemListElement\":[{\"@type\":\"ListItem\",\"position\":1,\"name\":\"Accueil\",\"item\":\"https:\\\/\\\/www.social-dynamite.com\\\/en\\\/\"},{\"@type\":\"ListItem\",\"position\":2,\"name\":\"Hum&#8230; votre page n&#8217;est pas ici\"}]},{\"@type\":\"WebSite\",\"@id\":\"https:\\\/\\\/www.social-dynamite.com\\\/en\\\/#website\",\"url\":\"https:\\\/\\\/www.social-dynamite.com\\\/en\\\/\",\"name\":\"Social Dynamite accompagne les marques, leurs dirigeants et collaborateurs \u00e0 devenir des m\u00e9dias\",\"description\":\"Nous sommes tous des medias\",\"publisher\":{\"@id\":\"https:\\\/\\\/www.social-dynamite.com\\\/en\\\/#organization\"},\"potentialAction\":[{\"@type\":\"SearchAction\",\"target\":{\"@type\":\"EntryPoint\",\"urlTemplate\":\"https:\\\/\\\/www.social-dynamite.com\\\/en\\\/?s={search_term_string}\"},\"query-input\":{\"@type\":\"PropertyValueSpecification\",\"valueRequired\":true,\"valueName\":\"search_term_string\"}}],\"inLanguage\":\"en-US\"},{\"@type\":\"Organization\",\"@id\":\"https:\\\/\\\/www.social-dynamite.com\\\/en\\\/#organization\",\"name\":\"Social Dynamite\",\"url\":\"https:\\\/\\\/www.social-dynamite.com\\\/en\\\/\",\"logo\":{\"@type\":\"ImageObject\",\"inLanguage\":\"en-US\",\"@id\":\"https:\\\/\\\/www.social-dynamite.com\\\/en\\\/#\\\/schema\\\/logo\\\/image\\\/\",\"url\":\"https:\\\/\\\/www.social-dynamite.com\\\/wp-content\\\/uploads\\\/sites\\\/9\\\/2018\\\/01\\\/SocialDynamiteLogo_Flat_final-300.png\",\"contentUrl\":\"https:\\\/\\\/www.social-dynamite.com\\\/wp-content\\\/uploads\\\/sites\\\/9\\\/2018\\\/01\\\/SocialDynamiteLogo_Flat_final-300.png\",\"width\":300,\"height\":300,\"caption\":\"Social Dynamite\"},\"image\":{\"@id\":\"https:\\\/\\\/www.social-dynamite.com\\\/en\\\/#\\\/schema\\\/logo\\\/image\\\/\"},\"sameAs\":[\"https:\\\/\\\/www.facebook.com\\\/asocialdynamite\\\/\",\"https:\\\/\\\/x.com\\\/SocialDynamite\",\"https:\\\/\\\/www.linkedin.com\\\/company\\\/2648268\\\/\",\"https:\\\/\\\/www.youtube.com\\\/user\\\/aSocialDynamite\"]}]}<\/script>\n<!-- \/ Yoast SEO plugin. -->","yoast_head_json":{"title":"Hum... votre page n'est pas ici - Social Dynamite accompagne les marques, leurs dirigeants et collaborateurs \u00e0 devenir des m\u00e9dias","robots":{"index":"index","follow":"follow","max-snippet":"max-snippet:-1","max-image-preview":"max-image-preview:large","max-video-preview":"max-video-preview:-1"},"canonical":"https:\/\/www.social-dynamite.com\/en\/inactive\/","og_locale":"en_US","og_type":"article","og_title":"Hum... votre page n'est pas ici - Social Dynamite accompagne les marques, leurs dirigeants et collaborateurs \u00e0 devenir des m\u00e9dias","og_description":"Bonjour ! Si vous lisez ces quelques lignes c&#8217;est que la page que vous avez demand\u00e9e n&#8217;est pas ou plus disponible \u00e0 l&#8217;adresse que vous avez utilis\u00e9e. Cela peut \u00eatre ...","og_url":"https:\/\/www.social-dynamite.com\/en\/inactive\/","og_site_name":"Social Dynamite accompagne les marques, leurs dirigeants et collaborateurs \u00e0 devenir des m\u00e9dias","article_publisher":"https:\/\/www.facebook.com\/asocialdynamite\/","article_modified_time":"2020-10-02T09:20:33+00:00","twitter_card":"summary_large_image","twitter_site":"@SocialDynamite","twitter_misc":{"Est. reading time":"1 minute"},"schema":{"@context":"https:\/\/schema.org","@graph":[{"@type":"WebPage","@id":"https:\/\/www.social-dynamite.com\/en\/inactive\/","url":"https:\/\/www.social-dynamite.com\/en\/inactive\/","name":"Hum... votre page n'est pas ici - Social Dynamite accompagne les marques, leurs dirigeants et collaborateurs \u00e0 devenir des m\u00e9dias","isPartOf":{"@id":"https:\/\/www.social-dynamite.com\/en\/#website"},"datePublished":"2020-10-02T09:02:51+00:00","dateModified":"2020-10-02T09:20:33+00:00","breadcrumb":{"@id":"https:\/\/www.social-dynamite.com\/en\/inactive\/#breadcrumb"},"inLanguage":"en-US","potentialAction":[{"@type":"ReadAction","target":[["https:\/\/www.social-dynamite.com\/en\/inactive\/"]]}]},{"@type":"BreadcrumbList","@id":"https:\/\/www.social-dynamite.com\/en\/inactive\/#breadcrumb","itemListElement":[{"@type":"ListItem","position":1,"name":"Accueil","item":"https:\/\/www.social-dynamite.com\/en\/"},{"@type":"ListItem","position":2,"name":"Hum&#8230; votre page n&#8217;est pas ici"}]},{"@type":"WebSite","@id":"https:\/\/www.social-dynamite.com\/en\/#website","url":"https:\/\/www.social-dynamite.com\/en\/","name":"Social Dynamite accompagne les marques, leurs dirigeants et collaborateurs \u00e0 devenir des m\u00e9dias","description":"Nous sommes tous des medias","publisher":{"@id":"https:\/\/www.social-dynamite.com\/en\/#organization"},"potentialAction":[{"@type":"SearchAction","target":{"@type":"EntryPoint","urlTemplate":"https:\/\/www.social-dynamite.com\/en\/?s={search_term_string}"},"query-input":{"@type":"PropertyValueSpecification","valueRequired":true,"valueName":"search_term_string"}}],"inLanguage":"en-US"},{"@type":"Organization","@id":"https:\/\/www.social-dynamite.com\/en\/#organization","name":"Social Dynamite","url":"https:\/\/www.social-dynamite.com\/en\/","logo":{"@type":"ImageObject","inLanguage":"en-US","@id":"https:\/\/www.social-dynamite.com\/en\/#\/schema\/logo\/image\/","url":"https:\/\/www.social-dynamite.com\/wp-content\/uploads\/sites\/9\/2018\/01\/SocialDynamiteLogo_Flat_final-300.png","contentUrl":"https:\/\/www.social-dynamite.com\/wp-content\/uploads\/sites\/9\/2018\/01\/SocialDynamiteLogo_Flat_final-300.png","width":300,"height":300,"caption":"Social Dynamite"},"image":{"@id":"https:\/\/www.social-dynamite.com\/en\/#\/schema\/logo\/image\/"},"sameAs":["https:\/\/www.facebook.com\/asocialdynamite\/","https:\/\/x.com\/SocialDynamite","https:\/\/www.linkedin.com\/company\/2648268\/","https:\/\/www.youtube.com\/user\/aSocialDynamite"]}]}},"_links":{"self":[{"href":"https:\/\/www.social-dynamite.com\/en\/wp-json\/wp\/v2\/pages\/375","targetHints":{"allow":["GET"]}}],"collection":[{"href":"https:\/\/www.social-dynamite.com\/en\/wp-json\/wp\/v2\/pages"}],"about":[{"href":"https:\/\/www.social-dynamite.com\/en\/wp-json\/wp\/v2\/types\/page"}],"author":[{"embeddable":true,"href":"https:\/\/www.social-dynamite.com\/en\/wp-json\/wp\/v2\/users\/2"}],"replies":[{"embeddable":true,"href":"https:\/\/www.social-dynamite.com\/en\/wp-json\/wp\/v2\/comments?post=375"}],"version-history":[{"count":1,"href":"https:\/\/www.social-dynamite.com\/en\/wp-json\/wp\/v2\/pages\/375\/revisions"}],"predecessor-version":[{"id":376,"href":"https:\/\/www.social-dynamite.com\/en\/wp-json\/wp\/v2\/pages\/375\/revisions\/376"}],"wp:attachment":[{"href":"https:\/\/www.social-dynamite.com\/en\/wp-json\/wp\/v2\/media?parent=375"}],"curies":[{"name":"wp","href":"https:\/\/api.w.org\/{rel}","templated":true}]}}