{"id":607,"date":"2025-01-08T00:05:22","date_gmt":"2025-01-07T23:05:22","guid":{"rendered":"https:\/\/www.social-dynamite.com\/?page_id=607"},"modified":"2025-01-09T08:53:30","modified_gmt":"2025-01-09T07:53:30","slug":"les-lives-interactifs","status":"publish","type":"page","link":"https:\/\/www.social-dynamite.com\/en\/les-lives-interactifs\/","title":{"rendered":"Les Lives Interactifs"},"content":{"rendered":"<div class=\"wpb-content-wrapper\"><p><\/p>\n<p>[vc_row full_width=&#8221;stretch_row_content&#8221; full_height=&#8221;yes&#8221; video_bg=&#8221;yes&#8221; video_bg_url=&#8221;https:\/\/www.youtube.com\/watch?v=xns2Xwq18W4&#8243;][vc_column][vc_column_text css=&#8221;&#8221;]<\/p>\n<h1 style=\"text-align: center;\"><span style=\"color: #ffffff;text-shadow: 1px 1px 2px black;\">D\u00e9couvrez les lives interactifs<\/span><\/h1>\n<p>[\/vc_column_text][\/vc_column][\/vc_row][vc_row][vc_column width=&#8221;1\/2&#8243;][vc_empty_space][vc_column_text css=&#8221;&#8221;]<\/p>\n<h2>Pourquoi choisir un Live Interactif ?<\/h2>\n<p>[\/vc_column_text][vc_column_text css=&#8221;&#8221;]<\/p>\n<ul>\n<li>Toucher une audience plus large et la rendre actrice de l\u2019\u00e9v\u00e9nement.<\/li>\n<li>\u00c9couter, d\u00e9crypter, et identifier les besoins de votre public.<\/li>\n<li>Casser les codes pour surprendre et engager.<\/li>\n<li>Animer votre communaut\u00e9 et cr\u00e9er du lien authentique.<\/li>\n<li>Transformer un \u00e9v\u00e9nement \u00ab one-shot \u00bb en une source de contenus p\u00e9rennes.<\/li>\n<\/ul>\n<p>[\/vc_column_text][vc_empty_space][\/vc_column][vc_column width=&#8221;1\/2&#8243;][vc_empty_space][vc_column_text css=&#8221;&#8221;]<\/p>\n<h2>Vivez l&#8217;exp\u00e9rience !<\/h2>\n<p>Participez \u00e0 notre prochain live interactif en vous inscrivant ici[\/vc_column_text][vc_empty_space][vc_raw_html css=&#8221;&#8221;]JTNDc2NyaXB0JTIwdHlwZSUzRCUyMnRleHQlMkZqYXZhc2NyaXB0JTIyJTIwc3JjJTNEJTIyJTJGJTJGbWEuc29jaWFsLWR5bmFtaXRlLmNvbSUyRmZvcm0lMkZnZW5lcmF0ZS5qcyUzRmlkJTNENTQlMjIlM0UlM0MlMkZzY3JpcHQlM0UlMEE=[\/vc_raw_html][\/vc_column][\/vc_row][vc_row full_width=&#8221;stretch_row&#8221; el_class=&#8221;LCSD_yellow&#8221;][vc_column width=&#8221;1\/2&#8243;][vc_empty_space][vc_column_text css=&#8221;&#8221;]<\/p>\n<h2>D&#8217;o\u00f9 vient l&#8217;id\u00e9e ?<\/h2>\n<p>[\/vc_column_text][vc_column_text css=&#8221;&#8221;]N\u00e9 d\u2019un \u00ab\u00a0brainsto\u00a0\u00bb entre Ana\u00efs et Julien <em>(ndlr\u00a0: les femmes d\u2019abord),<\/em> le format du live interactif #JTAgit\u00e9 voit le jour pour la premi\u00e8re fois en 2020.<\/p>\n<p>Un d\u00e9cryptage im.pertinent d\u2019infos pertinentes \ud83e\udd13<br \/>\nJulien \u00e0 l\u2019animation, Ana\u00efs aux micros-trottoirs, ils invitent et donnent la parole \u00e0 tous ceux qui veulent la prendre. Des experts, des micro-trottoirs d\u2019inconnus\u2026 de quoi secouer les id\u00e9es re\u00e7ues !<\/p>\n<p>Quelques ann\u00e9es plus tard, apr\u00e8s avoir \u00e9prouv\u00e9 ce format en interne pour le Groupe Novelty au Studio Paris Grenelle, l\u2019idylle prend forme. Un studio, situ\u00e9 en plein c\u0153ur de Paris, une \u00e9quipe d\u2019experts, une animation fid\u00e8le \u00e0 vos valeurs\u2026 Une offre agile, adaptable et pens\u00e9e pour r\u00e9pondre \u00e0 VOS besoins.<\/p>\n<p>Vous doutez encore du perfect match\u00a0? Venez l\u2019essayer. \ud83d\ude09[\/vc_column_text][vc_empty_space][\/vc_column][vc_column width=&#8221;1\/2&#8243;][vc_empty_space][vc_column_text css=&#8221;&#8221;]<\/p>\n<h2>Des images plut\u00f4t que des mots<\/h2>\n<p>Ci-dessous le replay du live interactif de d\u00e9monstration r\u00e9alis\u00e9 en d\u00e9cembre 2024[\/vc_column_text][vc_video link=&#8221;https:\/\/www.youtube.com\/watch?v=AyNKw2LM-mw&#8221; css=&#8221;&#8221;][vc_empty_space][\/vc_column][\/vc_row][vc_row][vc_column width=&#8221;1\/2&#8243;][vc_empty_space][vc_column_text css=&#8221;&#8221;]<\/p>\n<h2>En studio c&#8217;est mieux<\/h2>\n<p>Depuis 2024, nous travaillons avec le <a href=\"https:\/\/www.studioparisgrenelle.com\/\" target=\"_blank\" rel=\"noopener\">Studio Paris Grenelle<\/a> du Groupe Novelty.[\/vc_column_text][vc_single_image image=&#8221;576&#8243; img_size=&#8221;medium&#8221; alignment=&#8221;center&#8221; onclick=&#8221;custom_link&#8221; css_animation=&#8221;none&#8221; css=&#8221;&#8221; link=&#8221;https:\/\/www.studioparisgrenelle.com\/&#8221;][vc_empty_space][\/vc_column][vc_column width=&#8221;1\/2&#8243;][vc_empty_space][vc_column_text css=&#8221;&#8221;]<\/p>\n<h2>Le Collectif c&#8217;est qui, c&#8217;est quoi<\/h2>\n<p>Le Collectif de Social Dynamite, c\u2019est avant tout une alliance de professionnels exp\u00e9riment\u00e9s, anim\u00e9s par une vision commune : accompagner les entreprises dans leurs projets en alliant <strong>expertise pointue et ind\u00e9pendance totale<\/strong>.<\/p>\n<p><a href=\"https:\/\/www.social-dynamite.com\/le-collectif\/\">D\u00e9couvrir le collectif<\/a>[\/vc_column_text][vc_empty_space][\/vc_column][\/vc_row]<\/p>\n<p><\/p>\n<\/div>","protected":false},"excerpt":{"rendered":"<p>[vc_row full_width=&#8221;stretch_row_content&#8221; full_height=&#8221;yes&#8221; video_bg=&#8221;yes&#8221; video_bg_url=&#8221;https:\/\/www.youtube.com\/watch?v=xns2Xwq18W4&#8243;][vc_column][vc_column_text css=&#8221;&#8221;] D\u00e9couvrez les lives interactifs [\/vc_column_text][\/vc_column][\/vc_row][vc_row][vc_column width=&#8221;1\/2&#8243;][vc_empty_space][vc_column_text css=&#8221;&#8221;] Pourquoi choisir un Live Interactif ? [\/vc_column_text][vc_column_text css=&#8221;&#8221;] Toucher une audience plus large et la rendre actrice &#8230;<\/p>\n","protected":false},"author":2,"featured_media":0,"parent":0,"menu_order":0,"comment_status":"closed","ping_status":"closed","template":"","meta":{"footnotes":""},"class_list":["post-607","page","type-page","status-publish","hentry"],"yoast_head":"<!-- This site is optimized with the Yoast SEO plugin v27.5 - https:\/\/yoast.com\/product\/yoast-seo-wordpress\/ -->\n<title>Les Lives Interactifs - Social Dynamite accompagne les marques, leurs dirigeants et collaborateurs \u00e0 devenir des m\u00e9dias<\/title>\n<meta name=\"robots\" content=\"index, follow, max-snippet:-1, max-image-preview:large, max-video-preview:-1\" \/>\n<link rel=\"canonical\" href=\"https:\/\/www.social-dynamite.com\/en\/les-lives-interactifs\/\" \/>\n<meta property=\"og:locale\" content=\"en_US\" \/>\n<meta property=\"og:type\" content=\"article\" \/>\n<meta property=\"og:title\" content=\"Les Lives Interactifs - Social Dynamite accompagne les marques, leurs dirigeants et collaborateurs \u00e0 devenir des m\u00e9dias\" \/>\n<meta property=\"og:description\" content=\"[vc_row full_width=&#8221;stretch_row_content&#8221; full_height=&#8221;yes&#8221; video_bg=&#8221;yes&#8221; video_bg_url=&#8221;https:\/\/www.youtube.com\/watch?v=xns2Xwq18W4&#8243;][vc_column][vc_column_text css=&#8221;&#8221;] D\u00e9couvrez les lives interactifs [\/vc_column_text][\/vc_column][\/vc_row][vc_row][vc_column width=&#8221;1\/2&#8243;][vc_empty_space][vc_column_text css=&#8221;&#8221;] Pourquoi choisir un Live Interactif ? [\/vc_column_text][vc_column_text css=&#8221;&#8221;] Toucher une audience plus large et la rendre actrice ...\" \/>\n<meta property=\"og:url\" content=\"https:\/\/www.social-dynamite.com\/en\/les-lives-interactifs\/\" \/>\n<meta property=\"og:site_name\" content=\"Social Dynamite accompagne les marques, leurs dirigeants et collaborateurs \u00e0 devenir des m\u00e9dias\" \/>\n<meta property=\"article:publisher\" content=\"https:\/\/www.facebook.com\/asocialdynamite\/\" \/>\n<meta property=\"article:modified_time\" content=\"2025-01-09T07:53:30+00:00\" \/>\n<meta name=\"twitter:card\" content=\"summary_large_image\" \/>\n<meta name=\"twitter:site\" content=\"@SocialDynamite\" \/>\n<meta name=\"twitter:label1\" content=\"Est. reading time\" \/>\n\t<meta name=\"twitter:data1\" content=\"2 minutes\" \/>\n<script type=\"application\/ld+json\" class=\"yoast-schema-graph\">{\"@context\":\"https:\\\/\\\/schema.org\",\"@graph\":[{\"@type\":\"WebPage\",\"@id\":\"https:\\\/\\\/www.social-dynamite.com\\\/en\\\/les-lives-interactifs\\\/\",\"url\":\"https:\\\/\\\/www.social-dynamite.com\\\/en\\\/les-lives-interactifs\\\/\",\"name\":\"Les Lives Interactifs - Social Dynamite accompagne les marques, leurs dirigeants et collaborateurs \u00e0 devenir des m\u00e9dias\",\"isPartOf\":{\"@id\":\"https:\\\/\\\/www.social-dynamite.com\\\/en\\\/#website\"},\"datePublished\":\"2025-01-07T23:05:22+00:00\",\"dateModified\":\"2025-01-09T07:53:30+00:00\",\"breadcrumb\":{\"@id\":\"https:\\\/\\\/www.social-dynamite.com\\\/en\\\/les-lives-interactifs\\\/#breadcrumb\"},\"inLanguage\":\"en-US\",\"potentialAction\":[{\"@type\":\"ReadAction\",\"target\":[[\"https:\\\/\\\/www.social-dynamite.com\\\/en\\\/les-lives-interactifs\\\/\"]]}]},{\"@type\":\"BreadcrumbList\",\"@id\":\"https:\\\/\\\/www.social-dynamite.com\\\/en\\\/les-lives-interactifs\\\/#breadcrumb\",\"itemListElement\":[{\"@type\":\"ListItem\",\"position\":1,\"name\":\"Accueil\",\"item\":\"https:\\\/\\\/www.social-dynamite.com\\\/en\\\/\"},{\"@type\":\"ListItem\",\"position\":2,\"name\":\"Les lives interactifs\"}]},{\"@type\":\"WebSite\",\"@id\":\"https:\\\/\\\/www.social-dynamite.com\\\/en\\\/#website\",\"url\":\"https:\\\/\\\/www.social-dynamite.com\\\/en\\\/\",\"name\":\"Social Dynamite accompagne les marques, leurs dirigeants et collaborateurs \u00e0 devenir des m\u00e9dias\",\"description\":\"Nous sommes tous des medias\",\"publisher\":{\"@id\":\"https:\\\/\\\/www.social-dynamite.com\\\/en\\\/#organization\"},\"potentialAction\":[{\"@type\":\"SearchAction\",\"target\":{\"@type\":\"EntryPoint\",\"urlTemplate\":\"https:\\\/\\\/www.social-dynamite.com\\\/en\\\/?s={search_term_string}\"},\"query-input\":{\"@type\":\"PropertyValueSpecification\",\"valueRequired\":true,\"valueName\":\"search_term_string\"}}],\"inLanguage\":\"en-US\"},{\"@type\":\"Organization\",\"@id\":\"https:\\\/\\\/www.social-dynamite.com\\\/en\\\/#organization\",\"name\":\"Social Dynamite\",\"url\":\"https:\\\/\\\/www.social-dynamite.com\\\/en\\\/\",\"logo\":{\"@type\":\"ImageObject\",\"inLanguage\":\"en-US\",\"@id\":\"https:\\\/\\\/www.social-dynamite.com\\\/en\\\/#\\\/schema\\\/logo\\\/image\\\/\",\"url\":\"https:\\\/\\\/www.social-dynamite.com\\\/wp-content\\\/uploads\\\/sites\\\/9\\\/2018\\\/01\\\/SocialDynamiteLogo_Flat_final-300.png\",\"contentUrl\":\"https:\\\/\\\/www.social-dynamite.com\\\/wp-content\\\/uploads\\\/sites\\\/9\\\/2018\\\/01\\\/SocialDynamiteLogo_Flat_final-300.png\",\"width\":300,\"height\":300,\"caption\":\"Social Dynamite\"},\"image\":{\"@id\":\"https:\\\/\\\/www.social-dynamite.com\\\/en\\\/#\\\/schema\\\/logo\\\/image\\\/\"},\"sameAs\":[\"https:\\\/\\\/www.facebook.com\\\/asocialdynamite\\\/\",\"https:\\\/\\\/x.com\\\/SocialDynamite\",\"https:\\\/\\\/www.linkedin.com\\\/company\\\/2648268\\\/\",\"https:\\\/\\\/www.youtube.com\\\/user\\\/aSocialDynamite\"]}]}<\/script>\n<!-- \/ Yoast SEO plugin. -->","yoast_head_json":{"title":"Les Lives Interactifs - Social Dynamite accompagne les marques, leurs dirigeants et collaborateurs \u00e0 devenir des m\u00e9dias","robots":{"index":"index","follow":"follow","max-snippet":"max-snippet:-1","max-image-preview":"max-image-preview:large","max-video-preview":"max-video-preview:-1"},"canonical":"https:\/\/www.social-dynamite.com\/en\/les-lives-interactifs\/","og_locale":"en_US","og_type":"article","og_title":"Les Lives Interactifs - Social Dynamite accompagne les marques, leurs dirigeants et collaborateurs \u00e0 devenir des m\u00e9dias","og_description":"[vc_row full_width=&#8221;stretch_row_content&#8221; full_height=&#8221;yes&#8221; video_bg=&#8221;yes&#8221; video_bg_url=&#8221;https:\/\/www.youtube.com\/watch?v=xns2Xwq18W4&#8243;][vc_column][vc_column_text css=&#8221;&#8221;] D\u00e9couvrez les lives interactifs [\/vc_column_text][\/vc_column][\/vc_row][vc_row][vc_column width=&#8221;1\/2&#8243;][vc_empty_space][vc_column_text css=&#8221;&#8221;] Pourquoi choisir un Live Interactif ? [\/vc_column_text][vc_column_text css=&#8221;&#8221;] Toucher une audience plus large et la rendre actrice ...","og_url":"https:\/\/www.social-dynamite.com\/en\/les-lives-interactifs\/","og_site_name":"Social Dynamite accompagne les marques, leurs dirigeants et collaborateurs \u00e0 devenir des m\u00e9dias","article_publisher":"https:\/\/www.facebook.com\/asocialdynamite\/","article_modified_time":"2025-01-09T07:53:30+00:00","twitter_card":"summary_large_image","twitter_site":"@SocialDynamite","twitter_misc":{"Est. reading time":"2 minutes"},"schema":{"@context":"https:\/\/schema.org","@graph":[{"@type":"WebPage","@id":"https:\/\/www.social-dynamite.com\/en\/les-lives-interactifs\/","url":"https:\/\/www.social-dynamite.com\/en\/les-lives-interactifs\/","name":"Les Lives Interactifs - Social Dynamite accompagne les marques, leurs dirigeants et collaborateurs \u00e0 devenir des m\u00e9dias","isPartOf":{"@id":"https:\/\/www.social-dynamite.com\/en\/#website"},"datePublished":"2025-01-07T23:05:22+00:00","dateModified":"2025-01-09T07:53:30+00:00","breadcrumb":{"@id":"https:\/\/www.social-dynamite.com\/en\/les-lives-interactifs\/#breadcrumb"},"inLanguage":"en-US","potentialAction":[{"@type":"ReadAction","target":[["https:\/\/www.social-dynamite.com\/en\/les-lives-interactifs\/"]]}]},{"@type":"BreadcrumbList","@id":"https:\/\/www.social-dynamite.com\/en\/les-lives-interactifs\/#breadcrumb","itemListElement":[{"@type":"ListItem","position":1,"name":"Accueil","item":"https:\/\/www.social-dynamite.com\/en\/"},{"@type":"ListItem","position":2,"name":"Les lives interactifs"}]},{"@type":"WebSite","@id":"https:\/\/www.social-dynamite.com\/en\/#website","url":"https:\/\/www.social-dynamite.com\/en\/","name":"Social Dynamite accompagne les marques, leurs dirigeants et collaborateurs \u00e0 devenir des m\u00e9dias","description":"Nous sommes tous des medias","publisher":{"@id":"https:\/\/www.social-dynamite.com\/en\/#organization"},"potentialAction":[{"@type":"SearchAction","target":{"@type":"EntryPoint","urlTemplate":"https:\/\/www.social-dynamite.com\/en\/?s={search_term_string}"},"query-input":{"@type":"PropertyValueSpecification","valueRequired":true,"valueName":"search_term_string"}}],"inLanguage":"en-US"},{"@type":"Organization","@id":"https:\/\/www.social-dynamite.com\/en\/#organization","name":"Social Dynamite","url":"https:\/\/www.social-dynamite.com\/en\/","logo":{"@type":"ImageObject","inLanguage":"en-US","@id":"https:\/\/www.social-dynamite.com\/en\/#\/schema\/logo\/image\/","url":"https:\/\/www.social-dynamite.com\/wp-content\/uploads\/sites\/9\/2018\/01\/SocialDynamiteLogo_Flat_final-300.png","contentUrl":"https:\/\/www.social-dynamite.com\/wp-content\/uploads\/sites\/9\/2018\/01\/SocialDynamiteLogo_Flat_final-300.png","width":300,"height":300,"caption":"Social Dynamite"},"image":{"@id":"https:\/\/www.social-dynamite.com\/en\/#\/schema\/logo\/image\/"},"sameAs":["https:\/\/www.facebook.com\/asocialdynamite\/","https:\/\/x.com\/SocialDynamite","https:\/\/www.linkedin.com\/company\/2648268\/","https:\/\/www.youtube.com\/user\/aSocialDynamite"]}]}},"_links":{"self":[{"href":"https:\/\/www.social-dynamite.com\/en\/wp-json\/wp\/v2\/pages\/607","targetHints":{"allow":["GET"]}}],"collection":[{"href":"https:\/\/www.social-dynamite.com\/en\/wp-json\/wp\/v2\/pages"}],"about":[{"href":"https:\/\/www.social-dynamite.com\/en\/wp-json\/wp\/v2\/types\/page"}],"author":[{"embeddable":true,"href":"https:\/\/www.social-dynamite.com\/en\/wp-json\/wp\/v2\/users\/2"}],"replies":[{"embeddable":true,"href":"https:\/\/www.social-dynamite.com\/en\/wp-json\/wp\/v2\/comments?post=607"}],"version-history":[{"count":15,"href":"https:\/\/www.social-dynamite.com\/en\/wp-json\/wp\/v2\/pages\/607\/revisions"}],"predecessor-version":[{"id":637,"href":"https:\/\/www.social-dynamite.com\/en\/wp-json\/wp\/v2\/pages\/607\/revisions\/637"}],"wp:attachment":[{"href":"https:\/\/www.social-dynamite.com\/en\/wp-json\/wp\/v2\/media?parent=607"}],"curies":[{"name":"wp","href":"https:\/\/api.w.org\/{rel}","templated":true}]}}